{"id":74,"date":"2016-03-11T12:33:36","date_gmt":"2016-03-11T11:33:36","guid":{"rendered":"http:\/\/www.aufkleber-druck-profi.de\/?page_id=74"},"modified":"2017-09-21T10:21:05","modified_gmt":"2017-09-21T08:21:05","slug":"break-even-point","status":"publish","type":"page","link":"http:\/\/directmail-profi.de\/?page_id=74","title":{"rendered":"Break-Even-Point (BEP)"},"content":{"rendered":"<p>Kalkulieren Sie Ihren Break-Even-Point fu\u0308r Ihr Mailing. Auch wenn ein Mailing eine gute Sache ist, um fu\u0308r sich und Ihr Unternehmen zu werben:<br \/>\nBitte beachten Sie, dass Sie trotzdem vor jeder Aussendung kalkulieren sollten, ob die Kosten fu\u0308r das Mailing bei einer zu erwartenden<br \/>\nResponse-Rate von 1 Prozent gedeckt sind. Beziehen Sie in die Ermittlung Ihrer Kosten nicht nur die Druck- und Portokosten, sondern auch<br \/>\ndie Zeit fu\u0308r das Texten und Layouten mit ein.<br \/>\nUm zu errechnen, ob die Kosten fu\u0308r Ihr Mailing gedeckt sind, ermitteln Sie den so genannten Break-Even-Point (BEP).Dies ist der Punkt, den<br \/>\nSie mindestens erreichen mu\u0308ssen, um Ihre Kosten zu decken.<br \/>\nBEP = Werbekosten pro 100 Briefe \/ Gewinn pro Bestellung (Auftrag etc.)<br \/>\nManchmal lohnt sich ein Mailing bereits mit einer einzigen Antwort. Dies ist insbesondere der Fall, wenn es um Produkte oder Dienstleistungen<br \/>\nmit einer hohen Gewinnspanne geht. Allerdings: Auch wenn die Kosten nicht gedeckt sind, kann die Kundenpflege das Mailing rechtfertigen.<br \/>\nBeispiel:<br \/>\nEin Texter versendet 100 Werbebriefe an 100 Agenturen, um sich und seine Arbeit vorzustellen. Insgesamt kostet ihn die Aktion 300 Euro<br \/>\n(Porto, Druckkosten, Kosten fu\u0308r seine Beilagen). Mit nur einem einzigen Auftrag im Wert von 300 Euro hat der Texter seine Kosten eingeholt.<br \/>\nDas hei\u00dft, selbst mit einer Response-Quote von nur 1 Prozent (1 einzige positive Antwort) ist das Mailing fu\u0308r den Texter erfolgreich. Vor<br \/>\nallem da natu\u0308rlich m\u00f6gliche Folgeauftr\u00e4ge anstehen k\u00f6nnen.<br \/>\nAnders bei einem Buchh\u00e4ndler. Er versendet ebenfalls ein Mailing an 100 Adressen, Kosten ebenfalls 300 Euro (Porto, Druckkosten, Kosten<br \/>\nfu\u0308r den beigelegten Prospekt). Der Buchh\u00e4ndler geht von einem durchschnittlichen Bestellwert von 10 Euro aus (1 Buch). Pro verkauftem<br \/>\nBuch verdient er 3 Euro. Um die Kosten seines Mailings zu decken mu\u0308sste er 100 Bu\u0308cher verkaufen. Das ist unrealistisch. Daher u\u0308berlegt er<br \/>\nsich eine andere Strategie und l\u00e4dt seine Kunden mit einer Postkarte zur Premiere des neuen John Grisham-Krimis in seine Buchhandlung<br \/>\nein. Kosten: etwas u\u0308ber 50 Euro.<br \/>\nUnter dem Gesichtspunkt der Kundenpflege lohnt es sich jedoch manchmal ein Mailing zu versenden, wenn die Kosten nicht durch die direkte<br \/>\nReaktion, sondern erst u\u0308ber lange Sicht gedeckt sind. W\u00e4gen Sie dies gut ab.<\/p>\n","protected":false},"excerpt":{"rendered":"<p>Kalkulieren Sie Ihren Break-Even-Point fu\u0308r Ihr Mailing. Auch wenn ein Mailing eine gute Sache ist, um fu\u0308r sich und Ihr<\/p>\n","protected":false},"author":1,"featured_media":0,"parent":0,"menu_order":0,"comment_status":"closed","ping_status":"closed","template":"","meta":{"footnotes":""},"_links":{"self":[{"href":"http:\/\/directmail-profi.de\/index.php?rest_route=\/wp\/v2\/pages\/74"}],"collection":[{"href":"http:\/\/directmail-profi.de\/index.php?rest_route=\/wp\/v2\/pages"}],"about":[{"href":"http:\/\/directmail-profi.de\/index.php?rest_route=\/wp\/v2\/types\/page"}],"author":[{"embeddable":true,"href":"http:\/\/directmail-profi.de\/index.php?rest_route=\/wp\/v2\/users\/1"}],"replies":[{"embeddable":true,"href":"http:\/\/directmail-profi.de\/index.php?rest_route=%2Fwp%2Fv2%2Fcomments&post=74"}],"version-history":[{"count":5,"href":"http:\/\/directmail-profi.de\/index.php?rest_route=\/wp\/v2\/pages\/74\/revisions"}],"predecessor-version":[{"id":335,"href":"http:\/\/directmail-profi.de\/index.php?rest_route=\/wp\/v2\/pages\/74\/revisions\/335"}],"wp:attachment":[{"href":"http:\/\/directmail-profi.de\/index.php?rest_route=%2Fwp%2Fv2%2Fmedia&parent=74"}],"curies":[{"name":"wp","href":"https:\/\/api.w.org\/{rel}","templated":true}]}}