{"id":70,"date":"2016-03-11T12:32:44","date_gmt":"2016-03-11T11:32:44","guid":{"rendered":"http:\/\/www.aufkleber-druck-profi.de\/?page_id=70"},"modified":"2017-09-21T11:00:54","modified_gmt":"2017-09-21T09:00:54","slug":"mail-per-edv-oder-post","status":"publish","type":"page","link":"http:\/\/directmail-profi.de\/?page_id=70","title":{"rendered":"Mail per EDV oder Post?"},"content":{"rendered":"<p>Die besten Erfolgsaussichten haben Directmails, die in gedruckter Form, also per Post, zum Kunden gelangen. Hier z\u00e4hlt einerseits noch \u201edas<br \/>\ngdruckte Wort\u201c, weil es schwarz auf wei\u00df auf dem Papier nachzulesen ist. Au\u00dferdem l\u00f6st das bedruckte Papier ein emotionales Empfinden<br \/>\ndurch die Papierqualit\u00e4t, Falztechnik und ggf. durch Veredelungstechniken aus, das durch eine E-Mail nicht erreicht werden kann. Die Funktion<br \/>\nder Briefpost, durch seine Bestandteile (Briefhu\u0308lle, Anschreiben, Folder, Antwortkarte) eine bestimmte und auch gewollte Wirkung zu<br \/>\nentfalten, die durch das gew\u00e4hlte Papierformat des Mailings noch verst\u00e4rkt wird, kann eine elektronische Mail nicht erfu\u0308llen.<br \/>\nVon der Ru\u0308cklaufquote her sind per Post versendete Mailings, im Gegensatz zu eletronischen Mails, nicht zu u\u0308berbieten.<br \/>\nDie Vorteile der eletronischen Mails, also per EDV erstellt und versendete Mails, liegen in der gu\u0308nstigen Kostenstruktur. Den Nachteil der Erfolgsquote<br \/>\nmachen diese Mails durch den nachzu kostenfreien Versand wett. Allerdings mu\u0308ssen hohe Stu\u0308ckzahlen zum Versand gelangen,<br \/>\ndie durch einen einfachen Aufbau bzw. Ablauf gekennzeichnet sind. Kurze, treffende S\u00e4tze mu\u0308ssen zum Kaufabschluss geleitet werden. Das<br \/>\ngeschieht oftmals ausschlie\u00dflich u\u0308ber einen (reduzierten) Preis, der oftmals nur fu\u0308r kurze Zeit gew\u00e4hrt wird. Diesen Mechanismus mu\u0308ssen Sie<br \/>\nsich stets vor Augen halten, wenn Sie Werbung per eletronischer Post versenden.<\/p>\n","protected":false},"excerpt":{"rendered":"<p>Die besten Erfolgsaussichten haben Directmails, die in gedruckter Form, also per Post, zum Kunden gelangen. Hier z\u00e4hlt einerseits noch \u201edas<\/p>\n","protected":false},"author":1,"featured_media":0,"parent":0,"menu_order":0,"comment_status":"closed","ping_status":"closed","template":"","meta":{"footnotes":""},"_links":{"self":[{"href":"http:\/\/directmail-profi.de\/index.php?rest_route=\/wp\/v2\/pages\/70"}],"collection":[{"href":"http:\/\/directmail-profi.de\/index.php?rest_route=\/wp\/v2\/pages"}],"about":[{"href":"http:\/\/directmail-profi.de\/index.php?rest_route=\/wp\/v2\/types\/page"}],"author":[{"embeddable":true,"href":"http:\/\/directmail-profi.de\/index.php?rest_route=\/wp\/v2\/users\/1"}],"replies":[{"embeddable":true,"href":"http:\/\/directmail-profi.de\/index.php?rest_route=%2Fwp%2Fv2%2Fcomments&post=70"}],"version-history":[{"count":4,"href":"http:\/\/directmail-profi.de\/index.php?rest_route=\/wp\/v2\/pages\/70\/revisions"}],"predecessor-version":[{"id":339,"href":"http:\/\/directmail-profi.de\/index.php?rest_route=\/wp\/v2\/pages\/70\/revisions\/339"}],"wp:attachment":[{"href":"http:\/\/directmail-profi.de\/index.php?rest_route=%2Fwp%2Fv2%2Fmedia&parent=70"}],"curies":[{"name":"wp","href":"https:\/\/api.w.org\/{rel}","templated":true}]}}