{"id":302,"date":"2017-09-20T10:07:38","date_gmt":"2017-09-20T08:07:38","guid":{"rendered":"http:\/\/directmail-profi.de\/?page_id=302"},"modified":"2017-09-21T15:57:26","modified_gmt":"2017-09-21T13:57:26","slug":"mehrwerte-schaffen","status":"publish","type":"page","link":"http:\/\/directmail-profi.de\/?page_id=302","title":{"rendered":"Mehrwerte schaffen"},"content":{"rendered":"<p>Es kann gar nicht oft genug wiederholt werden: Das alleinige Angebot von Waren und Dienstleistungen ist einfach zu wenig, um hohe Abverk\u00e4ufe<br \/>\nmit einem Mailing zu erzeugen. Es ist einfach wichtig, mit dem Kauf des Produkts oder der Dienstleistung einen Mehrwert zu<br \/>\nschaffen. \u00dcberlegen Sie daher vor der Produktion des Mailings, was den Kunden besonders interessieren k\u00f6nnte und wie er zu einem Mehrwert-<br \/>\nErlebnis kommen kann. Ein Zusatznutzen ist ganz wichtig bei der Kaufentscheidung, da sie diese ma\u00dfgeblich beeinflusst. Dabei ist es<br \/>\nganz egal, ob es sich um eine Zugabe oder Zusatzleistung handelt. Oder um einen besonderen Preis, der fu\u0308r eine bestimmte (kurze) Zeit gu\u0308ltig<br \/>\nist.<\/p>\n<p>Ein zeitlich befristetes Angebot ist ist ohnehin bei Werbeaussendungen zu empfehlen, um die Kaufentscheidung zu beschleunigen. Wenn von<br \/>\nvornherein nur ein zeitlich befristetes Angebot innerhalb der n\u00e4chsten 1-2 Wochen besteht, kann das schon als Kaufanreiz und somit auch<br \/>\nals Zusatznutzen (= Mehrwert) angesehen werden.<\/p>\n<p>Grunds\u00e4tzlich gilt jedoch, dass weniger Preisnachl\u00e4sse im Vordergrund stehen sollten, als ein Zusatznutzen. Schlie\u00dflich sollen die Kunden<br \/>\nnicht dahingehend erzogen werden, ku\u0308nftig nur noch auf reduzierte Preise zu reagieren. Im Beispiel eines Reisebu\u0308ros sollten keinesfalls<br \/>\nPreisnachl\u00e4sse einger\u00e4umt werden, sondern vielleicht ein Mehrwert durch die Zugabe eines kostenfreien Reisefu\u0308hres oder einer kostenfreien<br \/>\nStrandtasche. Vorteilspreise fu\u0308r Green-Fee Erm\u00e4\u00dfigungen bei Golferreisen sind ebenfalls denkbar. Ein Optiker kann zur Brille zum Beispiel ein<br \/>\ngutes Putztuch oder ein wertiges, modisches Brillenetui an den Kunden weiterreichen. Ein H\u00f6rger\u00e4te-Akustiker k\u00f6nnte kostenfreie Service-<br \/>\nTermine oder Batterien anbieten, was dem K\u00e4ufer ja auch bares Geld spart.<\/p>\n<p>Wichtig ist nur, dass Sie wirkliche Mehrwerte schaffen und keinesfalls sinnlose. Das wu\u0308rde der Kunde sehr schnell erkennen und von einem<br \/>\nm\u00f6glichen Kauf zum Nachdenken anregen. Besser sind gute Preise, gute Produkte und sinnvolle Mehrwerte. \u00dcblicherweise danken die Kunden<br \/>\nmit einem raschen Kauf fu\u0308r gut durchdachte und zugleich vorteilhafte Angebote.<\/p>\n","protected":false},"excerpt":{"rendered":"<p>Es kann gar nicht oft genug wiederholt werden: Das alleinige Angebot von Waren und Dienstleistungen ist einfach zu wenig, um<\/p>\n","protected":false},"author":7,"featured_media":0,"parent":0,"menu_order":0,"comment_status":"closed","ping_status":"closed","template":"","meta":{"footnotes":""},"_links":{"self":[{"href":"http:\/\/directmail-profi.de\/index.php?rest_route=\/wp\/v2\/pages\/302"}],"collection":[{"href":"http:\/\/directmail-profi.de\/index.php?rest_route=\/wp\/v2\/pages"}],"about":[{"href":"http:\/\/directmail-profi.de\/index.php?rest_route=\/wp\/v2\/types\/page"}],"author":[{"embeddable":true,"href":"http:\/\/directmail-profi.de\/index.php?rest_route=\/wp\/v2\/users\/7"}],"replies":[{"embeddable":true,"href":"http:\/\/directmail-profi.de\/index.php?rest_route=%2Fwp%2Fv2%2Fcomments&post=302"}],"version-history":[{"count":3,"href":"http:\/\/directmail-profi.de\/index.php?rest_route=\/wp\/v2\/pages\/302\/revisions"}],"predecessor-version":[{"id":349,"href":"http:\/\/directmail-profi.de\/index.php?rest_route=\/wp\/v2\/pages\/302\/revisions\/349"}],"wp:attachment":[{"href":"http:\/\/directmail-profi.de\/index.php?rest_route=%2Fwp%2Fv2%2Fmedia&parent=302"}],"curies":[{"name":"wp","href":"https:\/\/api.w.org\/{rel}","templated":true}]}}