{"id":299,"date":"2017-09-20T07:57:33","date_gmt":"2017-09-20T05:57:33","guid":{"rendered":"http:\/\/directmail-profi.de\/?page_id=299"},"modified":"2017-09-21T09:39:01","modified_gmt":"2017-09-21T07:39:01","slug":"nachhaken-oder-nicht","status":"publish","type":"page","link":"http:\/\/directmail-profi.de\/?page_id=299","title":{"rendered":"Nachhaken oder nicht?"},"content":{"rendered":"<p>Bei zahlenm\u00e4\u00dfig gro\u00dfen Auflagen besteht kaum die M\u00f6glichkeit, den Briefen ein Telefonat folgen zu lassen. Bei kleinen Auflagen k\u00f6nnen jedoch<br \/>\nbestimmte Personengruppen selektiert werden, bei denen es sinnvoll erscheint, ein \u201eNachfass-Telefonat\u201c folgen zu lassen. Natu\u0308rlich ist<br \/>\ndie Voraussetzung hierfu\u0308r, dass ausreichend und zugleich gut geschultes Personal zur Verfu\u0308gung steht. Diese Kosten sind ebenfalls zu beru\u0308cksichtigen.<br \/>\nEs ergeben sich zwei M\u00f6glichkeiten, ein Nachfassen zu bewerkstelligen:<br \/>\n\u2022 Auf das erste Mailing folgt mit entsprechendem Versatz zweites, ein Nachfass-Mailing. Das ist wahrscheinlich die h\u00e4ufigste Form des<br \/>\nNachfassens. Wichtig ist hier, das der Kundenstamm vor der zweiten Aussendung noch einmal mit den aktuellen K\u00e4ufe abgeglichen<br \/>\nwird. Sonst ist es nicht so vorteilhaft, wenn wenn ein K\u00e4ufer eine zweite Aussendung erh\u00e4lt. Die Erfolgsquoten von Nachfass-Mailings<br \/>\nsind relativ hoch. Daher macht diese Variante den gr\u00f6\u00dften Sinn, wenn gr\u00f6\u00dfere Auflagen zum Versand gelangen.<br \/>\n\u2022 Es werden von vornherein immer nur relativ kleine Aussendungen verschickt. Zum Beispiel pro Woche lediglich 50-100 Stu\u0308ck, damit das<br \/>\ntelefonische Nachfass-Team realistische Chancen hat, die Teilnehmer anzurufen. Je gr\u00f6\u00dfer das Telefon-Team, desto h\u00f6her kann die Menge<br \/>\nder Aussendung sein. Es sei aber nochmals angemerkt, dass profesionell geschultes Personal zum Einsatz gelangen sollte. Und beru\u0308cksichtigen<br \/>\nSie auch die anfallenden Kosten hierfu\u0308r, die nicht unerheblich sind.<\/p>\n","protected":false},"excerpt":{"rendered":"<p>Bei zahlenm\u00e4\u00dfig gro\u00dfen Auflagen besteht kaum die M\u00f6glichkeit, den Briefen ein Telefonat folgen zu lassen. Bei kleinen Auflagen k\u00f6nnen jedoch<\/p>\n","protected":false},"author":7,"featured_media":0,"parent":0,"menu_order":0,"comment_status":"closed","ping_status":"closed","template":"","meta":{"footnotes":""},"_links":{"self":[{"href":"http:\/\/directmail-profi.de\/index.php?rest_route=\/wp\/v2\/pages\/299"}],"collection":[{"href":"http:\/\/directmail-profi.de\/index.php?rest_route=\/wp\/v2\/pages"}],"about":[{"href":"http:\/\/directmail-profi.de\/index.php?rest_route=\/wp\/v2\/types\/page"}],"author":[{"embeddable":true,"href":"http:\/\/directmail-profi.de\/index.php?rest_route=\/wp\/v2\/users\/7"}],"replies":[{"embeddable":true,"href":"http:\/\/directmail-profi.de\/index.php?rest_route=%2Fwp%2Fv2%2Fcomments&post=299"}],"version-history":[{"count":2,"href":"http:\/\/directmail-profi.de\/index.php?rest_route=\/wp\/v2\/pages\/299\/revisions"}],"predecessor-version":[{"id":334,"href":"http:\/\/directmail-profi.de\/index.php?rest_route=\/wp\/v2\/pages\/299\/revisions\/334"}],"wp:attachment":[{"href":"http:\/\/directmail-profi.de\/index.php?rest_route=%2Fwp%2Fv2%2Fmedia&parent=299"}],"curies":[{"name":"wp","href":"https:\/\/api.w.org\/{rel}","templated":true}]}}