{"id":296,"date":"2017-09-20T07:56:46","date_gmt":"2017-09-20T05:56:46","guid":{"rendered":"http:\/\/directmail-profi.de\/?page_id=296"},"modified":"2017-09-21T12:52:06","modified_gmt":"2017-09-21T10:52:06","slug":"mail-mal-anders","status":"publish","type":"page","link":"http:\/\/directmail-profi.de\/?page_id=296","title":{"rendered":"Mail mal anders"},"content":{"rendered":"<p>Versuchen Sie es einmal ganz anders, mit einer Directmail-Aktion neue Kunden bzw. K\u00e4ufe zu gewinnen. Obwohl die u\u0308blichen Erfolge in der<br \/>\nmassenhaften Versendung liegen, k\u00f6nnen Sie beispielsweise auch ganz bestimmte Zielgruppen mit einem ganz besonderen Mailing u\u0308berraschen.<br \/>\nZugegeben, der Kostenaufwand liegt h\u00f6her als fu\u0308r sonstige Kleinmengen-Aussendungen. Dafu\u0308r bleibt die Stu\u0308ckzahl aber bewusst in<br \/>\nBereich einer Kleinauflage.<br \/>\nWenn Ihnen die Gewinnung neuer Kunden sehr wertvoll erscheint, weil diese vielleicht hohe Ums\u00e4tze erwarten lassen, lohnt es sich bestimmt,<br \/>\neinmal ein v\u00f6llig anderes Mailing zu produzieren.<br \/>\nNehmen wir das Beispiel eines Automobilh\u00e4ndlers, der ein neues Fahrzeugmodell bei kaufkr\u00e4ftigen Kunden vorstellen und natu\u0308rlich verkaufen<br \/>\nm\u00f6chte. So nutzt unser Autoh\u00e4ndler die Anku\u0308ndigungen in den Medien (TV, Radio, Tages- und Fachpresse) und schickt fru\u0308hzeitig an seine<br \/>\nWunschkunden ein Anku\u0308ndigungsmailing. Das kann ein einfacher Selfmailer sein, der auf das bevorstehende Ereignis hinweist.<br \/>\nIm n\u00e4chsten Schritt verschickt unser Automobilh\u00e4ndler an die ausgew\u00e4hlte Kundschaft ein Individual-Mailing. Dieses kann aus einer gr\u00f6\u00dferen<br \/>\nKartonage bestehen, in der ein Fahrzeugschlu\u0308ssel als USB-Stick beiliegt. Fu\u0308r verschiedene Fahrzeugmodelle gibt es USB-Sticks zu kaufen,<br \/>\ndie kaum von echten Fahrzeugschlu\u0308sseln zu unterscheiden sind. In dem Mailing wird der Kunde zu einer exklusiven Probefahrt eingeladen,<br \/>\num das neue Fahrzeug ausgiebig testen zu k\u00f6nnen. Daher auch der USB-Stick in Form des Autoschlu\u0308ssels. Auf dem USB-Stick k\u00f6nnen weitere<br \/>\nwichtige Informationen fu\u0308r den Kunden oder u\u0308ber das neue Fahrzeug gespeicht sein.<br \/>\nNatu\u0308rlich muss sich diese Testfahrt tats\u00e4chlich als exklusiv herausstellen. Vielleicht durch die Abholung des gewu\u0308nschten Kunden von zu<br \/>\nHause und weiteren wirkungsvollen Extras. Ihrer Fantasie sind letztlich keine Grenzen gesetzt.<br \/>\nDie Wahrscheinlichkeit, dass ein kaufkr\u00e4ftiger Kunde den angebotenen Sonder-Service zu sch\u00e4tzen sei\u00df, liegt sehr hoch. Und damit steigt<br \/>\nauch die Wahrscheinlichkeit, im Falle des Fahrzeugkaufs (bzw. Finanzierung oder Leasing) auf das Angebot zuzugreifen.<\/p>\n","protected":false},"excerpt":{"rendered":"<p>Versuchen Sie es einmal ganz anders, mit einer Directmail-Aktion neue Kunden bzw. K\u00e4ufe zu gewinnen. Obwohl die u\u0308blichen Erfolge in<\/p>\n","protected":false},"author":7,"featured_media":0,"parent":0,"menu_order":0,"comment_status":"closed","ping_status":"closed","template":"","meta":{"footnotes":""},"_links":{"self":[{"href":"http:\/\/directmail-profi.de\/index.php?rest_route=\/wp\/v2\/pages\/296"}],"collection":[{"href":"http:\/\/directmail-profi.de\/index.php?rest_route=\/wp\/v2\/pages"}],"about":[{"href":"http:\/\/directmail-profi.de\/index.php?rest_route=\/wp\/v2\/types\/page"}],"author":[{"embeddable":true,"href":"http:\/\/directmail-profi.de\/index.php?rest_route=\/wp\/v2\/users\/7"}],"replies":[{"embeddable":true,"href":"http:\/\/directmail-profi.de\/index.php?rest_route=%2Fwp%2Fv2%2Fcomments&post=296"}],"version-history":[{"count":2,"href":"http:\/\/directmail-profi.de\/index.php?rest_route=\/wp\/v2\/pages\/296\/revisions"}],"predecessor-version":[{"id":341,"href":"http:\/\/directmail-profi.de\/index.php?rest_route=\/wp\/v2\/pages\/296\/revisions\/341"}],"wp:attachment":[{"href":"http:\/\/directmail-profi.de\/index.php?rest_route=%2Fwp%2Fv2%2Fmedia&parent=296"}],"curies":[{"name":"wp","href":"https:\/\/api.w.org\/{rel}","templated":true}]}}