{"id":181,"date":"2016-03-16T16:19:37","date_gmt":"2016-03-16T15:19:37","guid":{"rendered":"http:\/\/www.aufkleber-druck-profi.de\/?page_id=181"},"modified":"2017-09-21T15:05:45","modified_gmt":"2017-09-21T13:05:45","slug":"was-bringt-am-meisten","status":"publish","type":"page","link":"http:\/\/directmail-profi.de\/?page_id=181","title":{"rendered":"Was bringt am meisten"},"content":{"rendered":"<p>Grunds\u00e4tzlich l\u00e4sst sich sagen, dass Au\u00dfergew\u00f6hnliches in aller Regel mehr Erfolfg verspricht, als gew\u00f6hnliche Aussendungen. Gew\u00f6hnliche<br \/>\nAussendungen neigen dazu, in der Masse der Werbe-Post unterzugehen. Darum sollten Sie von Anfang an nach wirklich guten Ideen fu\u0308r ein<br \/>\nMailing suchen. Insbesondere dann, wenn der K\u00e4ufer einen besonderen Mehrwert durch den Kauf eines bestimmten Produkts erh\u00e4lt, wird er<br \/>\nden Kauf per Maling auch abschlie\u00dfen.<\/p>\n<p>Daneben gilt: werden Sie nicht zu kleinteilig. Lieber weniger Bilder, dafu\u0308r gr\u00f6\u00dfer. Ebenso ist es mit dem Textumfang. Lieber ku\u0308rzere Texte,<br \/>\ndafu\u0308r aber treffend formuliert. Nicht zu klein geschrieben (nicht unter 10 Punkt Schriftgr\u00f6\u00dfe, besser 11 oder 12 Punkt Schriftgr\u00f6\u00dfe). Wenn<br \/>\nder Betrachter schnell erkennt, worum es in der Werbeaussendung geht, sind die Erfolgsaussichten gr\u00f6\u00dfer.<\/p>\n<p>Argumentieren Sie zum Vorteil des K\u00e4ufers und vor allem schlu\u0308ssig! Fu\u0308hren Sie den Betrachter zu einer Abschlusshandlung: dem Kauf!<br \/>\n\u00dcberlegen Sie sich auf jeden Fall eine tragende Idee fu\u0308r die Aussendung. Zum Beispiel wie fu\u0308r den Automobilh\u00e4ndler aufgezeigt, der wie<br \/>\nzuvor in \u201eWie kommt die Mail zum Ziel \/ Mail mal anders\u201c eine kleine Auflage produziert. Dafu\u0308r hat es diese kleine Auflage jedoch in sich,<br \/>\nwas die Idee betrifft. Verfahren Sie ebenso und bestechen Sie duch gute Ideen und schlu\u0308ssige Argumentationen, die die Vorteile fu\u0308r den Nutzer\/<br \/>\nK\u00e4ufer aufzeigen.<\/p>\n","protected":false},"excerpt":{"rendered":"<p>Grunds\u00e4tzlich l\u00e4sst sich sagen, dass Au\u00dfergew\u00f6hnliches in aller Regel mehr Erfolfg verspricht, als gew\u00f6hnliche Aussendungen. Gew\u00f6hnliche Aussendungen neigen dazu, in<\/p>\n","protected":false},"author":1,"featured_media":0,"parent":0,"menu_order":0,"comment_status":"closed","ping_status":"closed","template":"","meta":{"footnotes":""},"_links":{"self":[{"href":"http:\/\/directmail-profi.de\/index.php?rest_route=\/wp\/v2\/pages\/181"}],"collection":[{"href":"http:\/\/directmail-profi.de\/index.php?rest_route=\/wp\/v2\/pages"}],"about":[{"href":"http:\/\/directmail-profi.de\/index.php?rest_route=\/wp\/v2\/types\/page"}],"author":[{"embeddable":true,"href":"http:\/\/directmail-profi.de\/index.php?rest_route=\/wp\/v2\/users\/1"}],"replies":[{"embeddable":true,"href":"http:\/\/directmail-profi.de\/index.php?rest_route=%2Fwp%2Fv2%2Fcomments&post=181"}],"version-history":[{"count":3,"href":"http:\/\/directmail-profi.de\/index.php?rest_route=\/wp\/v2\/pages\/181\/revisions"}],"predecessor-version":[{"id":347,"href":"http:\/\/directmail-profi.de\/index.php?rest_route=\/wp\/v2\/pages\/181\/revisions\/347"}],"wp:attachment":[{"href":"http:\/\/directmail-profi.de\/index.php?rest_route=%2Fwp%2Fv2%2Fmedia&parent=181"}],"curies":[{"name":"wp","href":"https:\/\/api.w.org\/{rel}","templated":true}]}}