{"id":173,"date":"2016-03-16T16:18:31","date_gmt":"2016-03-16T15:18:31","guid":{"rendered":"http:\/\/www.aufkleber-druck-profi.de\/?page_id=173"},"modified":"2017-09-20T10:24:26","modified_gmt":"2017-09-20T08:24:26","slug":"woher-kommt-das-konzept","status":"publish","type":"page","link":"http:\/\/directmail-profi.de\/?page_id=173","title":{"rendered":"Woher kommt das Konzept?"},"content":{"rendered":"<p>Um ein Werbemailing herzustellen, sollten Sie unbedingt eine spezielle Agentur fu\u0308r Direktmarketing beauftragen. Da im Bereich des Direktmarketings<br \/>\nv\u00f6llig eigene Gesetzm\u00e4\u00dfigkeiten gelten, kann ein normaler Grafiker oder Werbeagentur die Anspru\u0308che nicht erfu\u0308llen. Das Fachwissen<br \/>\nfu\u0308r technische Konzepte, Kundenansprache, Produktionsarten und auch Portokosten ist jedoch in Direktmarketing-Agenturen<br \/>\nvorhanden. Es spart dem Auftraggeber Zeit und somit auch Kosten \u2013 Ihre Kosten. Zus\u00e4tzlich generiert ein vom Fachmann hergestelltes Mailing<br \/>\nzus\u00e4tzliche Einnahmen, die fu\u0308r dieses Werbemedium typisch sind.<br \/>\nH\u00e4ufig ist von Unternehmen zu h\u00f6ren, dass sie eine Menge Geld gespart haben, weil sie ihre Mailings in Eigenregie herstellen. Oftmals zusammen<br \/>\nmit ihrer Hausdruckerei. Ohne das erforderliche Fachwissen ist es so, als wu\u0308rde jemand mit seinem in Eigenregie getunten VW Golf<br \/>\nan einem offiziellen Automobilrennen teilnehmen. Nur ist es hier so, dass der Veranstalter den Rennpiloten mit seinem Fahrzeug gar nicht<br \/>\nerst an den Start lassen wu\u0308rde. Weder seine Qualifikation, noch sein fahrzeug, wu\u0308rden den harten Anforderungen des Rennsports standhalten.<br \/>\nWas die Produktion von Mailings angeht, gibt es (leider) keine Instanz, die eine Qualifikation pru\u0308ft. Auch der Druckpartner muss fu\u0308r die Herstellung<br \/>\nvon Mailings spezislisiert sein. Ohne das n\u00f6tige Fachwissen, das bereits bei der Auswahl der passenden Papiere fu\u0308r den Direktmarketing-<br \/>\nBereich anf\u00e4ngt, und das Know-how beim Lettershop (bei der Personalisierung des Mailings, kann einfach kein erfolgreiches Mailing<br \/>\nhergestellt werden. Schlussendlich ben\u00f6tigt auch eine Druckerei bzw. ein Lettershop die Zertifizierung des Post-Dienstleisters. In Deutschland<br \/>\nversendet nicht ausschlie\u00dflich die Deutsche Post AG, sondern auch private Dienstleister. Um den technischen Anforderungen gerecht zu werden,<br \/>\nsind Know-how und der n\u00f6tige Technik-Park zwingend erforderlich.<\/p>\n","protected":false},"excerpt":{"rendered":"<p>Um ein Werbemailing herzustellen, sollten Sie unbedingt eine spezielle Agentur fu\u0308r Direktmarketing beauftragen. Da im Bereich des Direktmarketings v\u00f6llig eigene<\/p>\n","protected":false},"author":1,"featured_media":0,"parent":0,"menu_order":0,"comment_status":"closed","ping_status":"closed","template":"","meta":{"footnotes":""},"_links":{"self":[{"href":"http:\/\/directmail-profi.de\/index.php?rest_route=\/wp\/v2\/pages\/173"}],"collection":[{"href":"http:\/\/directmail-profi.de\/index.php?rest_route=\/wp\/v2\/pages"}],"about":[{"href":"http:\/\/directmail-profi.de\/index.php?rest_route=\/wp\/v2\/types\/page"}],"author":[{"embeddable":true,"href":"http:\/\/directmail-profi.de\/index.php?rest_route=\/wp\/v2\/users\/1"}],"replies":[{"embeddable":true,"href":"http:\/\/directmail-profi.de\/index.php?rest_route=%2Fwp%2Fv2%2Fcomments&post=173"}],"version-history":[{"count":3,"href":"http:\/\/directmail-profi.de\/index.php?rest_route=\/wp\/v2\/pages\/173\/revisions"}],"predecessor-version":[{"id":323,"href":"http:\/\/directmail-profi.de\/index.php?rest_route=\/wp\/v2\/pages\/173\/revisions\/323"}],"wp:attachment":[{"href":"http:\/\/directmail-profi.de\/index.php?rest_route=%2Fwp%2Fv2%2Fmedia&parent=173"}],"curies":[{"name":"wp","href":"https:\/\/api.w.org\/{rel}","templated":true}]}}