{"id":169,"date":"2016-03-16T16:18:11","date_gmt":"2016-03-16T15:18:11","guid":{"rendered":"http:\/\/www.aufkleber-druck-profi.de\/?page_id=169"},"modified":"2017-09-22T15:16:48","modified_gmt":"2017-09-22T13:16:48","slug":"woher-kommen-die-adressen","status":"publish","type":"page","link":"http:\/\/directmail-profi.de\/?page_id=169","title":{"rendered":"Woher kommen die Adressen?"},"content":{"rendered":"<p>Wenn die Zielgruppe erst einmal festgelegt wurde, stellt sich die Frage nach geeignetem Adressmaterial. Eine M\u00f6glichkeit ist, dass das ben\u00f6tigte<br \/>\nAdressmaterial bereits aus dem eigenen Kundenstamm vorliegt. Wenn die Kundendatei stets gepflegt und aktuell gehalten wurde, kann<br \/>\ndas eigene Adresspotential zur Selektion (Auswahl der in Frage kommenden Kundenadressen) verwendet werden. Dabei kann es sich um die<br \/>\nAdressen der eigenen Kunden aus K\u00e4ufen oder aus Marketingaktionen handeln, wie zum Beispiel aus Preisausschreiben.<br \/>\nSollten keine oder eine zu geringe Menge an Kundenadressen vorliegen, k\u00f6nnen geeignete Adressen von \u201eAdressverlagen\u201c gekauft werden.<br \/>\nDabei kann sehr fein definiert werden, welche Adressen ben\u00f6tigt werden. Neben den Merkmalen wie<br \/>\n\u2022 Wohnort<br \/>\n\u2022 Geschlecht<br \/>\n\u2022 Alter<br \/>\n\u2022 Familienstand<br \/>\n\u2022 Berufsgruppe<br \/>\n\u2022 Bildung<br \/>\n\u2022 Religion<br \/>\n\u2022 Nationalit\u00e4t etc.<br \/>\nk\u00f6nnen weitere Faktoren gezielt bestimmt werden. Sie k\u00f6nnen in vorgegeben Postleitzahlbereichen selektieren lassen, in bestimmten Wohngegenden<br \/>\n(Mehrfamilienh\u00e4user, Reihenh\u00e4user, Einfamilienh\u00e4user), nach der H\u00f6he des Haushaltsnettoeinkommens (wie hoch ist in etwa das<br \/>\nNettoeinkommen des gewu\u0308nschten Haushalts) oder auch nach der Zugeh\u00f6rigkeit zu Sportvereinen (Golf, Tennis, &#8230;). Weiterhin k\u00f6nnen Kundengruppen<br \/>\nausgew\u00e4hlt werden, die in der Vergangenheit positiv auf Directmails reagiert haben \u2013 also das angebotene Produkt bzw. die<br \/>\nWare gekauft haben. Es k\u00f6nnen auch Sonderwu\u0308nsche, wie der Suche nach Entscheidungstr\u00e4gern in Unternehmen, Gesch\u00e4ftsfu\u0308hrern usw.,<br \/>\nerfu\u0308llt werden.<br \/>\nFast alle Unternehmen die Adressmaterial anbieten, gestatten bei der Vorauswahl u\u0308ber das Internet die obigen Kriterien und zeigen nach der<br \/>\nZielgruppen-Definition die in Betracht kommende Menge an Adressen an. Die Preise dazu werden natu\u0308rlich auch genannt. Wichtig ist noch<br \/>\nder Hinweis, das Adressen nicht nur fu\u0308r eine einmalige Verwendung in Directmails k\u00e4uflich erworben werden k\u00f6nnen, sondern auch die Verwendung<br \/>\nder Adressen fu\u0308r die Dauer eines Jahres. Gerade das macht die Adressen fu\u0308r mehrmalige Aussendungen aus Kostensicht \u00e4u\u00dferst<br \/>\ninteressant.<br \/>\nIst das mengenm\u00e4\u00dfige Ergebnis der Adress-Selektion zu hoch, k\u00f6nnen Sie auch ganz einfach die Stu\u0308ckzahl begrenzen, in dem Sie diese vorgeben.<br \/>\nDas macht natu\u0308rlich vor allem dann Sinn, wenn Sie eine Directmail-Aktion mit der Auflage von 5.000 Stu\u0308ck planen, aber ein Suchergebnis<br \/>\nvon 12.000 Stu\u0308ck erhalten haben.<\/p>\n","protected":false},"excerpt":{"rendered":"<p>Wenn die Zielgruppe erst einmal festgelegt wurde, stellt sich die Frage nach geeignetem Adressmaterial. Eine M\u00f6glichkeit ist, dass das ben\u00f6tigte<\/p>\n","protected":false},"author":1,"featured_media":0,"parent":0,"menu_order":0,"comment_status":"closed","ping_status":"closed","template":"","meta":{"footnotes":""},"_links":{"self":[{"href":"http:\/\/directmail-profi.de\/index.php?rest_route=\/wp\/v2\/pages\/169"}],"collection":[{"href":"http:\/\/directmail-profi.de\/index.php?rest_route=\/wp\/v2\/pages"}],"about":[{"href":"http:\/\/directmail-profi.de\/index.php?rest_route=\/wp\/v2\/types\/page"}],"author":[{"embeddable":true,"href":"http:\/\/directmail-profi.de\/index.php?rest_route=\/wp\/v2\/users\/1"}],"replies":[{"embeddable":true,"href":"http:\/\/directmail-profi.de\/index.php?rest_route=%2Fwp%2Fv2%2Fcomments&post=169"}],"version-history":[{"count":3,"href":"http:\/\/directmail-profi.de\/index.php?rest_route=\/wp\/v2\/pages\/169\/revisions"}],"predecessor-version":[{"id":311,"href":"http:\/\/directmail-profi.de\/index.php?rest_route=\/wp\/v2\/pages\/169\/revisions\/311"}],"wp:attachment":[{"href":"http:\/\/directmail-profi.de\/index.php?rest_route=%2Fwp%2Fv2%2Fmedia&parent=169"}],"curies":[{"name":"wp","href":"https:\/\/api.w.org\/{rel}","templated":true}]}}